{"id":27,"date":"2018-03-25T09:41:08","date_gmt":"2018-03-25T07:41:08","guid":{"rendered":"http:\/\/www.derblindeseher.de\/?page_id=27"},"modified":"2018-03-25T11:06:40","modified_gmt":"2018-03-25T09:06:40","slug":"schnoeffelwoelf","status":"publish","type":"page","link":"https:\/\/www.derblindeseher.de\/index.php\/schnoeffelwoelf\/","title":{"rendered":"Schn\u00f6ffelw\u00f6lf"},"content":{"rendered":"<p>Der Schn\u00f6ffelw\u00f6lf (lupus nuffus) tritt gew\u00f6hnlich in R\u00fcdeln auf. Vor allem zu erw\u00e4hnen ist hierbei das \u00d6mega-Tier, dessen Aufgabe die allgemeine Belustigung des restlichen Nukleuses ist. Der Schn\u00f6ffelw\u00f6lf legt gro\u00dfen Wert auf die St\u00e4rkung der Rolle der weiblichen bzw. m\u00e4nnlichen Tiere. Daher gehen m\u00e4nnliche Schn\u00f6ffelw\u00f6lftiere zw\u00f6lf Monate im Jahr scheinschwanger. Sie erreichen diesen Zustand durch konstante Nahrungsaufnahme. Hierbei ist dem Schn\u00f6ffelw\u00f6lf kaum ein Mittel zu schade. Er antizipiert gerne l\u00e4ngere Nahrungsengp\u00e4sse und gibt dieses Vorgehen auch dann nicht auf, wenn sich ein solcher nie einstellt.<\/p>\n<p>Der Schn\u00f6ffelw\u00f6lf ist nicht scheu, jedoch sehr territorial. Als Territorium versteht er nicht einfach nur seinen derzeitigen Aufenthaltsort, sondern auch jeden Ort und \/ oder jede Person, wichtig f\u00fcr den Fortbestand der Art. Im Besonderen sind hier Betten und Tische zu erw\u00e4hnen, jedoch auch die an das Verhalten des Schn\u00f6ffelw\u00f6lfs angepassten Menschen, zu denen er ein inniges, manchmal sogar liebevolles Verh\u00e4ltnis aufbauen kann.<\/p>\n","protected":false},"excerpt":{"rendered":"<p>Der Schn\u00f6ffelw\u00f6lf (lupus nuffus) tritt gew\u00f6hnlich in R\u00fcdeln auf. Vor allem zu erw\u00e4hnen ist hierbei das \u00d6mega-Tier, dessen Aufgabe die allgemeine Belustigung des restlichen Nukleuses ist. Der Schn\u00f6ffelw\u00f6lf legt gro\u00dfen Wert auf die St\u00e4rkung der Rolle der weiblichen bzw. m\u00e4nnlichen Tiere. Daher gehen m\u00e4nnliche Schn\u00f6ffelw\u00f6lftiere zw\u00f6lf Monate im Jahr scheinschwanger. Sie erreichen diesen Zustand durch &hellip; <\/p>\n<p class=\"link-more\"><a href=\"https:\/\/www.derblindeseher.de\/index.php\/schnoeffelwoelf\/\" class=\"more-link\"><span class=\"screen-reader-text\">\u201eSchn\u00f6ffelw\u00f6lf\u201c <\/span>weiterlesen<\/a><\/p>\n","protected":false},"author":1,"featured_media":0,"parent":0,"menu_order":0,"comment_status":"closed","ping_status":"closed","template":"","meta":{"footnotes":""},"class_list":["post-27","page","type-page","status-publish","hentry"],"_links":{"self":[{"href":"https:\/\/www.derblindeseher.de\/index.php\/wp-json\/wp\/v2\/pages\/27","targetHints":{"allow":["GET"]}}],"collection":[{"href":"https:\/\/www.derblindeseher.de\/index.php\/wp-json\/wp\/v2\/pages"}],"about":[{"href":"https:\/\/www.derblindeseher.de\/index.php\/wp-json\/wp\/v2\/types\/page"}],"author":[{"embeddable":true,"href":"https:\/\/www.derblindeseher.de\/index.php\/wp-json\/wp\/v2\/users\/1"}],"replies":[{"embeddable":true,"href":"https:\/\/www.derblindeseher.de\/index.php\/wp-json\/wp\/v2\/comments?post=27"}],"version-history":[{"count":2,"href":"https:\/\/www.derblindeseher.de\/index.php\/wp-json\/wp\/v2\/pages\/27\/revisions"}],"predecessor-version":[{"id":35,"href":"https:\/\/www.derblindeseher.de\/index.php\/wp-json\/wp\/v2\/pages\/27\/revisions\/35"}],"wp:attachment":[{"href":"https:\/\/www.derblindeseher.de\/index.php\/wp-json\/wp\/v2\/media?parent=27"}],"curies":[{"name":"wp","href":"https:\/\/api.w.org\/{rel}","templated":true}]}}